{"id":16588,"date":"2026-03-20T22:08:01","date_gmt":"2026-03-20T22:08:01","guid":{"rendered":"https:\/\/bulcanna.eu\/?post_type=product&#038;p=16588"},"modified":"2026-03-21T14:46:44","modified_gmt":"2026-03-21T14:46:44","slug":"the-active-recovery-duo","status":"publish","type":"product","link":"https:\/\/bulcanna.eu\/es\/product\/the-active-recovery-duo\/","title":{"rendered":"El d\u00fao de recuperaci\u00f3n activa"},"content":{"rendered":"<p><strong>El d\u00fao de recuperaci\u00f3n activa<\/strong>\u00a0\u043a\u043e\u043c\u0431\u0438\u043d\u0438\u0440\u0430 \u0434\u0432\u0430 \u043f\u0440\u043e\u0434\u0443\u043a\u0442\u0430, \u043a\u043e\u0438\u0442\u043e \u0434\u0435\u0439\u0441\u0442\u0432\u0430\u0442 \u0441\u0438\u043d\u0435\u0440\u0433\u0438\u0447\u043d\u043e \u2013\u00a0<strong>\u043e\u0442\u0432\u044a\u0442\u0440\u0435<\/strong>\u00a0\u0438\u00a0<strong>\u043e\u0442\u0432\u044a\u043d<\/strong>, \u0437\u0430 \u0434\u0430 \u043f\u043e\u0434\u043f\u043e\u043c\u043e\u0433\u043d\u0430\u0442 \u0432\u044a\u0437\u0441\u0442\u0430\u043d\u043e\u0432\u044f\u0432\u0430\u043d\u0435\u0442\u043e \u043d\u0430 \u043c\u0443\u0441\u043a\u0443\u043b\u0438, \u0441\u0442\u0430\u0432\u0438 \u0438 \u043d\u0435\u0440\u0432\u043d\u0430\u0442\u0430 \u0441\u0438\u0441\u0442\u0435\u043c\u0430.<\/p>\n<p><strong>BulCanna 15% Organic Drops<\/strong>\u00a0\u0441\u0430 \u0432\u0438\u0441\u043e\u043a\u043e\u043a\u043e\u043d\u0446\u0435\u043d\u0442\u0440\u0438\u0440\u0430\u043d\u0438 \u043e\u0440\u0433\u0430\u043d\u0438\u0447\u043d\u0438 \u043a\u0430\u043f\u043a\u0438, \u043a\u043e\u0438\u0442\u043e \u043f\u043e\u0434\u043f\u043e\u043c\u0430\u0433\u0430\u0442 \u0440\u0435\u043b\u0430\u043a\u0441\u0430\u0446\u0438\u044f\u0442\u0430, \u043d\u0430\u043c\u0430\u043b\u044f\u0432\u0430\u0442 \u0432\u044a\u0437\u043f\u0430\u043b\u0438\u0442\u0435\u043b\u043d\u0438\u0442\u0435 \u043f\u0440\u043e\u0446\u0435\u0441\u0438 \u0438 \u0431\u0430\u043b\u0430\u043d\u0441\u0438\u0440\u0430\u0442 \u0440\u0435\u0430\u043a\u0446\u0438\u044f\u0442\u0430 \u043d\u0430 \u0442\u044f\u043b\u043e\u0442\u043e \u043f\u0440\u0438 \u043d\u0430\u0442\u043e\u0432\u0430\u0440\u0432\u0430\u043d\u0435 \u0438\u043b\u0438 \u0441\u0442\u0440\u0435\u0441.<\/p>\n<p><strong>Muscles &amp; Joints Recovery Balm<\/strong>\u00a0\u0435 \u0438\u043d\u0442\u0435\u043d\u0437\u0438\u0432\u0435\u043d \u043b\u043e\u043a\u0430\u043b\u0435\u043d \u0431\u0430\u043b\u0441\u0430\u043c, \u043e\u0431\u043e\u0433\u0430\u0442\u0435\u043d \u0441 \u043d\u0430\u0442\u0443\u0440\u0430\u043b\u043d\u0438 \u043c\u0430\u0441\u043b\u0430 \u0438 \u0435\u043a\u0441\u0442\u0440\u0430\u043a\u0442\u0438, \u043a\u043e\u0439\u0442\u043e \u043e\u0431\u043b\u0435\u043a\u0447\u0430\u0432\u0430 \u043d\u0430\u043f\u0440\u0435\u0436\u0435\u043d\u0438\u0435\u0442\u043e, \u043f\u043e\u0434\u043e\u0431\u0440\u044f\u0432\u0430 \u043a\u0440\u044a\u0432\u043e\u043e\u0431\u0440\u0430\u0449\u0435\u043d\u0438\u0435\u0442\u043e \u0438 \u0443\u0441\u043a\u043e\u0440\u044f\u0432\u0430 \u0440\u0435\u0433\u0435\u043d\u0435\u0440\u0430\u0446\u0438\u044f\u0442\u0430 \u0441\u043b\u0435\u0434 \u0442\u0440\u0435\u043d\u0438\u0440\u043e\u0432\u043a\u0430 \u0438\u043b\u0438 \u0444\u0438\u0437\u0438\u0447\u0435\u0441\u043a\u043e \u043d\u0430\u0442\u043e\u0432\u0430\u0440\u0432\u0430\u043d\u0435.<\/p>\n<p>\u0417\u0430\u00a0<strong>\u043c\u0430\u043a\u0441\u0438\u043c\u0430\u043b\u0435\u043d \u0435\u0444\u0435\u043a\u0442<\/strong>, \u0434\u043e\u0431\u0430\u0432\u0438 \u043d\u044f\u043a\u043e\u043b\u043a\u043e \u043a\u0430\u043f\u043a\u0438 \u043e\u0442 15% \u0434\u0438\u0440\u0435\u043a\u0442\u043d\u043e \u0432 \u0431\u0430\u043b\u0441\u0430\u043c\u0430 \u0438 \u043d\u0430\u043d\u0435\u0441\u0438 \u0432\u044a\u0440\u0445\u0443 \u0437\u043e\u043d\u0430\u0442\u0430 \u0441 \u0431\u043e\u043b\u043a\u0430 \u2013 \u043a\u043e\u043c\u0431\u0438\u043d\u0430\u0446\u0438\u044f\u0442\u0430 \u0437\u0430\u0441\u0438\u043b\u0432\u0430 \u043f\u0440\u043e\u0442\u0438\u0432\u043e\u0432\u044a\u0437\u043f\u0430\u043b\u0438\u0442\u0435\u043b\u043d\u043e\u0442\u043e \u0438 \u0440\u0435\u043b\u0430\u043a\u0441\u0438\u0440\u0430\u0449\u043e\u0442\u043e \u0434\u0435\u0439\u0441\u0442\u0432\u0438\u0435, \u043a\u0430\u0442\u043e \u043e\u0441\u0438\u0433\u0443\u0440\u044f\u0432\u0430 \u0434\u044a\u043b\u0433\u043e\u0442\u0440\u0430\u0439\u043d\u043e \u0443\u0441\u0435\u0449\u0430\u043d\u0435 \u0437\u0430 \u043a\u043e\u043c\u0444\u043e\u0440\u0442.<\/p>\n<p><strong>\u041a\u0430\u043a \u0434\u0430 \u0438\u0437\u043f\u043e\u043b\u0437\u0432\u0430\u0448 \u043a\u043e\u043c\u043f\u043b\u0435\u043a\u0442\u0430:<\/strong><\/p>\n<ul>\n<li>\u041f\u0440\u0438\u0435\u043c\u0430\u0439\u00a0<strong>3\u20134 \u043a\u0430\u043f\u043a\u0438 BulCanna 15% Organic Drops<\/strong>\u00a0\u043f\u043e\u0434 \u0435\u0437\u0438\u043a\u0430, 2\u20133 \u043f\u044a\u0442\u0438 \u0434\u043d\u0435\u0432\u043d\u043e.<\/li>\n<li>\u041d\u0430\u043d\u0430\u0441\u044f\u0439\u00a0<strong>Sport Balm<\/strong>\u00a0\u043b\u043e\u043a\u0430\u043b\u043d\u043e \u0432\u044a\u0440\u0445\u0443 \u043c\u0443\u0441\u043a\u0443\u043b\u0438 \u0438\u043b\u0438 \u0441\u0442\u0430\u0432\u0438 \u0441 \u043b\u0435\u043a\u0438, \u043a\u0440\u044a\u0433\u043e\u0432\u0438 \u0434\u0432\u0438\u0436\u0435\u043d\u0438\u044f \u0434\u043e \u043f\u044a\u043b\u043d\u043e \u0430\u0431\u0441\u043e\u0440\u0431\u0438\u0440\u0430\u043d\u0435.<\/li>\n<li>\u0417\u0430 \u043f\u043e-\u0438\u043d\u0442\u0435\u043d\u0437\u0438\u0432\u0435\u043d \u0435\u0444\u0435\u043a\u0442, \u043a\u0430\u043f\u043d\u0438 \u043d\u044f\u043a\u043e\u043b\u043a\u043e \u043a\u0430\u043f\u043a\u0438 \u0434\u0438\u0440\u0435\u043a\u0442\u043d\u043e \u0432 \u0431\u0430\u043b\u0441\u0430\u043c\u0430 \u043d\u0435\u043f\u043e\u0441\u0440\u0435\u0434\u0441\u0442\u0432\u0435\u043d\u043e \u043f\u0440\u0435\u0434\u0438 \u043d\u0430\u043d\u0430\u0441\u044f\u043d\u0435.<\/li>\n<\/ul>","protected":false},"excerpt":{"rendered":"<p class=\"p1\"><span class=\"s1\"><b>El d\u00fao de recuperaci\u00f3n activa<\/b><\/span> \u0435 \u043d\u0430\u0442\u0443\u0440\u0430\u043b\u043d\u0430 \u043a\u043e\u043c\u0431\u0438\u043d\u0430\u0446\u0438\u044f \u0437\u0430 \u043e\u0431\u043b\u0435\u043a\u0447\u0435\u043d\u0438\u0435 \u043f\u0440\u0438 \u043c\u0443\u0441\u043a\u0443\u043b\u043d\u0438 \u0438 \u0441\u0442\u0430\u0432\u043d\u0438 \u0431\u043e\u043b\u043a\u0438, \u043d\u0430\u0442\u0440\u0443\u043f\u0430\u043d\u043e \u043d\u0430\u043f\u0440\u0435\u0436\u0435\u043d\u0438\u0435 \u0438 \u0432\u044a\u0437\u043f\u0430\u043b\u0435\u043d\u0438\u0435.<\/p>\n<p class=\"p1\">\u0421\u044a\u0447\u0435\u0442\u0430\u043d\u0438\u0435\u0442\u043e \u043c\u0435\u0436\u0434\u0443 <span class=\"s1\"><b>BulCanna 15% Organic Drops<\/b><\/span> \u0438 <strong>Muscles&amp;Joints Recovery Balm<\/strong> \u0434\u0435\u0439\u0441\u0442\u0432\u0430 \u043e\u0442\u0432\u044a\u0442\u0440\u0435 \u0438 \u043e\u0442\u0432\u044a\u043d \u2013 \u043a\u0430\u043f\u043a\u0438\u0442\u0435 \u043f\u043e\u0434\u043f\u043e\u043c\u0430\u0433\u0430\u0442 \u043d\u0435\u0440\u0432\u043d\u0430\u0442\u0430 \u0438 \u043e\u043f\u043e\u0440\u043d\u043e-\u0434\u0432\u0438\u0433\u0430\u0442\u0435\u043b\u043d\u0430\u0442\u0430 \u0441\u0438\u0441\u0442\u0435\u043c\u0430, \u0430 \u0431\u0430\u043b\u0441\u0430\u043c\u044a\u0442 \u043e\u0441\u0438\u0433\u0443\u0440\u044f\u0432\u0430 \u043b\u043e\u043a\u0430\u043b\u043d\u043e \u043e\u0431\u043b\u0435\u043a\u0447\u0435\u043d\u0438\u0435 \u0438 \u0434\u044a\u043b\u0431\u043e\u043a \u043a\u043e\u043c\u0444\u043e\u0440\u0442.<\/p>\n<p class=\"p1\">\u041f\u0440\u0438 \u043f\u043e-\u0438\u043d\u0442\u0435\u043d\u0437\u0438\u0432\u043d\u0438 \u0441\u043b\u0443\u0447\u0430\u0438 \u043c\u043e\u0436\u0435\u0448 \u0434\u0430 \u0434\u043e\u0431\u0430\u0432\u0438\u0448 \u043d\u044f\u043a\u043e\u043b\u043a\u043e \u043a\u0430\u043f\u043a\u0438 \u0434\u0438\u0440\u0435\u043a\u0442\u043d\u043e \u0432 \u0431\u0430\u043b\u0441\u0430\u043c\u0430 \u0437\u0430 <span class=\"s1\"><b>\u043f\u043e-\u0441\u0438\u043b\u043d\u043e \u0438 \u043f\u0440\u043e\u0434\u044a\u043b\u0436\u0438\u0442\u0435\u043b\u043d\u043e \u0434\u0435\u0439\u0441\u0442\u0432\u0438\u0435.<\/b><b><\/b><\/span><\/p>\n<p class=\"p1\">\u0415\u0441\u0442\u0435\u0441\u0442\u0432\u0435\u043d\u0430 \u0444\u043e\u0440\u043c\u0443\u043b\u0430, \u0441\u044a\u0437\u0434\u0430\u0434\u0435\u043d\u0430 \u0434\u0430 \u0432\u044a\u0440\u043d\u0435 \u043b\u0435\u043a\u043e\u0442\u0430\u0442\u0430 \u043d\u0430 \u0434\u0432\u0438\u0436\u0435\u043d\u0438\u0435\u0442\u043e.<\/p>","protected":false},"featured_media":16607,"comment_status":"closed","ping_status":"closed","template":"","meta":[],"product_brand":[],"product_cat":[283],"product_tag":[],"class_list":{"0":"post-16588","1":"product","2":"type-product","3":"status-publish","4":"has-post-thumbnail","6":"product_cat-bundles","8":"first","9":"instock","10":"taxable","11":"shipping-taxable","12":"purchasable","13":"product-type-woosb"},"_links":{"self":[{"href":"https:\/\/bulcanna.eu\/es\/wp-json\/wp\/v2\/product\/16588","targetHints":{"allow":["GET"]}}],"collection":[{"href":"https:\/\/bulcanna.eu\/es\/wp-json\/wp\/v2\/product"}],"about":[{"href":"https:\/\/bulcanna.eu\/es\/wp-json\/wp\/v2\/types\/product"}],"replies":[{"embeddable":true,"href":"https:\/\/bulcanna.eu\/es\/wp-json\/wp\/v2\/comments?post=16588"}],"version-history":[{"count":3,"href":"https:\/\/bulcanna.eu\/es\/wp-json\/wp\/v2\/product\/16588\/revisions"}],"predecessor-version":[{"id":16612,"href":"https:\/\/bulcanna.eu\/es\/wp-json\/wp\/v2\/product\/16588\/revisions\/16612"}],"wp:featuredmedia":[{"embeddable":true,"href":"https:\/\/bulcanna.eu\/es\/wp-json\/wp\/v2\/media\/16607"}],"wp:attachment":[{"href":"https:\/\/bulcanna.eu\/es\/wp-json\/wp\/v2\/media?parent=16588"}],"wp:term":[{"taxonomy":"product_brand","embeddable":true,"href":"https:\/\/bulcanna.eu\/es\/wp-json\/wp\/v2\/product_brand?post=16588"},{"taxonomy":"product_cat","embeddable":true,"href":"https:\/\/bulcanna.eu\/es\/wp-json\/wp\/v2\/product_cat?post=16588"},{"taxonomy":"product_tag","embeddable":true,"href":"https:\/\/bulcanna.eu\/es\/wp-json\/wp\/v2\/product_tag?post=16588"}],"curies":[{"name":"wp","href":"https:\/\/api.w.org\/{rel}","templated":true}]}}