{"id":16586,"date":"2026-03-20T22:08:01","date_gmt":"2026-03-20T22:08:01","guid":{"rendered":"https:\/\/bulcanna.eu\/?post_type=product&#038;p=16586"},"modified":"2026-03-21T15:24:28","modified_gmt":"2026-03-21T15:24:28","slug":"el-duo-del-equilibrio","status":"publish","type":"product","link":"https:\/\/bulcanna.eu\/es\/product\/the-balance-duo\/","title":{"rendered":"El d\u00fao del equilibrio"},"content":{"rendered":"<p><img loading=\"lazy\" decoding=\"async\" class=\"aligncenter wp-image-16616 size-full\" src=\"https:\/\/bulcanna.eu\/wp-content\/uploads\/2026\/03\/Blog-posts-COVERS.png\" alt=\"\" width=\"1000\" height=\"400\" srcset=\"https:\/\/bulcanna.eu\/wp-content\/uploads\/2026\/03\/Blog-posts-COVERS.png 1000w, https:\/\/bulcanna.eu\/wp-content\/uploads\/2026\/03\/Blog-posts-COVERS-300x120.png 300w, https:\/\/bulcanna.eu\/wp-content\/uploads\/2026\/03\/Blog-posts-COVERS-768x307.png 768w, https:\/\/bulcanna.eu\/wp-content\/uploads\/2026\/03\/Blog-posts-COVERS-150x60.png 150w\" sizes=\"auto, (max-width: 1000px) 100vw, 1000px\" \/><\/p>\n<p>En la din\u00e1mica vida cotidiana, el verdadero cuidado es el que restaura no s\u00f3lo la piel, sino tambi\u00e9n la calma interior.<\/p>\n<p><strong>El d\u00fao del equilibrio<\/strong>\u00a0combina el poder de la naturaleza en dos pasos:<\/p>\n<ul>\n<li><strong>Gotas ecol\u00f3gicas BulCanna<\/strong>\u00a0- Gotas de c\u00e1\u00f1amo org\u00e1nico con f\u00f3rmula adapt\u00f3gena. Favorecen el sistema nervioso, reducen la sensaci\u00f3n de estr\u00e9s y tensi\u00f3n, favorecen el sue\u00f1o y la concentraci\u00f3n.<\/li>\n<li><strong>Crema facial antiedad Ceremon\u00e9<\/strong>\u00a0- Una crema nutritiva que restaura la elasticidad de la piel y proporciona un acabado suave y radiante.<\/li>\n<\/ul>\n<p>Juntos trabajan en sinergia -\u00a0<strong>uno equilibra desde dentro, el otro restaura desde fuera<\/strong>.<\/p>\n<p>El resultado es una sensaci\u00f3n general de ligereza, calma y frescor natural evidente.<\/p>\n<p><strong>C\u00f3mo utilizar el kit:<\/strong><\/p>\n<ul>\n<li>Acepte el n\u00famero recomendado\u00a0<strong>Gotas ecol\u00f3gicas BulCanna<\/strong>\u00a0(normalmente 3-5 gotas bajo la lengua, 1-2 veces al d\u00eda).<\/li>\n<li>Limpiar la cara y aplicar\u00a0<strong>Crema facial antiedad Ceremon\u00e9<\/strong>\u00a0con ligeros movimientos para \u201esellar\u201c la humedad y los ingredientes activos.<\/li>\n<li>Utiliza las ma\u00f1anas y las tardes como tu momento personal de reinicio.<\/li>\n<\/ul>\n<p><strong>El D\u00fao Equilibrio: porque la belleza comienza cuando el cuerpo y la mente est\u00e1n en equilibrio.<\/strong><\/p>","protected":false},"excerpt":{"rendered":"<p class=\"p1\"><span class=\"s1\"><b>El d\u00fao del equilibrio<\/b><\/span> es un ritual para lograr un equilibrio total, por dentro y por fuera.<\/p>\n<p class=\"p1\">La combinaci\u00f3n de <span class=\"s1\"><b>gotas ecol\u00f3gicas<\/b><\/span> \u0438 <span class=\"s1\"><b>Crema facial antiedad Ceremon\u00e9<\/b><\/span> restaura la armon\u00eda entre mente, cuerpo y piel.<\/p>\n<p class=\"p1\">Las gotas act\u00faan desde el interior: calman el sistema nervioso, favorecen el sue\u00f1o y adaptan el organismo al estr\u00e9s, mientras que la crema se ocupa del exterior: nutre, suaviza y sella la hidrataci\u00f3n.<\/p>\n<p class=\"p3\"><b>El equilibrio empieza por ti.<\/b><\/p>","protected":false},"featured_media":16603,"comment_status":"closed","ping_status":"closed","template":"","meta":[],"product_brand":[],"product_cat":[283],"product_tag":[],"class_list":{"0":"post-16586","1":"product","2":"type-product","3":"status-publish","4":"has-post-thumbnail","6":"product_cat-bundles","8":"first","9":"instock","10":"taxable","11":"shipping-taxable","12":"purchasable","13":"product-type-woosb"},"_links":{"self":[{"href":"https:\/\/bulcanna.eu\/es\/wp-json\/wp\/v2\/product\/16586","targetHints":{"allow":["GET"]}}],"collection":[{"href":"https:\/\/bulcanna.eu\/es\/wp-json\/wp\/v2\/product"}],"about":[{"href":"https:\/\/bulcanna.eu\/es\/wp-json\/wp\/v2\/types\/product"}],"replies":[{"embeddable":true,"href":"https:\/\/bulcanna.eu\/es\/wp-json\/wp\/v2\/comments?post=16586"}],"version-history":[{"count":3,"href":"https:\/\/bulcanna.eu\/es\/wp-json\/wp\/v2\/product\/16586\/revisions"}],"predecessor-version":[{"id":16617,"href":"https:\/\/bulcanna.eu\/es\/wp-json\/wp\/v2\/product\/16586\/revisions\/16617"}],"wp:featuredmedia":[{"embeddable":true,"href":"https:\/\/bulcanna.eu\/es\/wp-json\/wp\/v2\/media\/16603"}],"wp:attachment":[{"href":"https:\/\/bulcanna.eu\/es\/wp-json\/wp\/v2\/media?parent=16586"}],"wp:term":[{"taxonomy":"product_brand","embeddable":true,"href":"https:\/\/bulcanna.eu\/es\/wp-json\/wp\/v2\/product_brand?post=16586"},{"taxonomy":"product_cat","embeddable":true,"href":"https:\/\/bulcanna.eu\/es\/wp-json\/wp\/v2\/product_cat?post=16586"},{"taxonomy":"product_tag","embeddable":true,"href":"https:\/\/bulcanna.eu\/es\/wp-json\/wp\/v2\/product_tag?post=16586"}],"curies":[{"name":"wp","href":"https:\/\/api.w.org\/{rel}","templated":true}]}}